{"id":11,"date":"2025-02-19T01:39:32","date_gmt":"2025-02-19T01:39:32","guid":{"rendered":"https:\/\/peel3.gg\/index.php\/minha-conta\/"},"modified":"2025-09-30T22:54:53","modified_gmt":"2025-10-01T01:54:53","slug":"minha-conta","status":"publish","type":"page","link":"https:\/\/peel3.gg\/en\/minha-conta\/","title":{"rendered":"My Account"},"content":{"rendered":"<div data-elementor-type=\"wp-page\" data-elementor-id=\"11\" class=\"elementor elementor-11\" data-elementor-post-type=\"page\">\n\t\t\t\t<div class=\"elementor-element elementor-element-7978f0b e-flex e-con-boxed e-con e-parent\" data-id=\"7978f0b\" data-element_type=\"container\" data-settings=\"{&quot;background_background&quot;:&quot;classic&quot;}\">\n\t\t\t\t\t<div class=\"e-con-inner\">\n\t\t\t\t<div class=\"elementor-element elementor-element-b261951 elementor-widget elementor-widget-heading\" data-id=\"b261951\" data-element_type=\"widget\" data-widget_type=\"heading.default\">\n\t\t\t\t<div class=\"elementor-widget-container\">\n\t\t\t<h2 class=\"elementor-heading-title elementor-size-default\">My Account<\/h2>\t\t<\/div>\n\t\t\t\t<\/div>\n\t\t\t\t\t<\/div>\n\t\t\t\t<\/div>\n\t\t<div class=\"elementor-element elementor-element-4aa3509 e-flex e-con-boxed e-con e-parent\" data-id=\"4aa3509\" data-element_type=\"container\">\n\t\t\t\t\t<div class=\"e-con-inner\">\n\t\t\t\t<div class=\"elementor-element elementor-element-29d67cc e-my-account-tabs-vertical elementor-widget elementor-widget-woocommerce-my-account\" data-id=\"29d67cc\" data-element_type=\"widget\" data-widget_type=\"woocommerce-my-account.default\">\n\t\t\t\t<div class=\"elementor-widget-container\">\n\t\t\t<div class=\"e-my-account-tab e-my-account-tab__\">\t\t\t<div class=\"woocommerce\"><\/div>\t\t<\/div>\n\t\t\t\t<\/div>\n\t\t\t\t<\/div>\n\t\t\t\t\t<\/div>\n\t\t\t\t<\/div>\n\t\t\t\t<\/div>","protected":false},"excerpt":{"rendered":"<p>Minha Conta Painel Pedidos Endere\u00e7o M\u00e9todos de pagamento Detalhes da conta Sair Ol\u00e1, Jo\u00e3o Vitor (n\u00e3o \u00e9 Jo\u00e3o Vitor? Sair) A partir do painel de controle de sua conta, voc\u00ea pode ver suas compras recentes, gerenciar seus endere\u00e7os de entrega e cobran\u00e7a, e editar sua senha e detalhes da conta.<\/p>","protected":false},"author":1,"featured_media":0,"parent":0,"menu_order":0,"comment_status":"closed","ping_status":"closed","template":"elementor_header_footer","meta":{"footnotes":""},"class_list":["post-11","page","type-page","status-publish","hentry"],"jetpack_sharing_enabled":true,"_links":{"self":[{"href":"https:\/\/peel3.gg\/en\/wp-json\/wp\/v2\/pages\/11","targetHints":{"allow":["GET"]}}],"collection":[{"href":"https:\/\/peel3.gg\/en\/wp-json\/wp\/v2\/pages"}],"about":[{"href":"https:\/\/peel3.gg\/en\/wp-json\/wp\/v2\/types\/page"}],"author":[{"embeddable":true,"href":"https:\/\/peel3.gg\/en\/wp-json\/wp\/v2\/users\/1"}],"replies":[{"embeddable":true,"href":"https:\/\/peel3.gg\/en\/wp-json\/wp\/v2\/comments?post=11"}],"version-history":[{"count":18,"href":"https:\/\/peel3.gg\/en\/wp-json\/wp\/v2\/pages\/11\/revisions"}],"predecessor-version":[{"id":618,"href":"https:\/\/peel3.gg\/en\/wp-json\/wp\/v2\/pages\/11\/revisions\/618"}],"wp:attachment":[{"href":"https:\/\/peel3.gg\/en\/wp-json\/wp\/v2\/media?parent=11"}],"curies":[{"name":"wp","href":"https:\/\/api.w.org\/{rel}","templated":true}]}}