{"id":9,"date":"2025-02-19T01:39:32","date_gmt":"2025-02-19T01:39:32","guid":{"rendered":"https:\/\/peel3.gg\/index.php\/carrinho\/"},"modified":"2025-10-01T00:10:31","modified_gmt":"2025-10-01T03:10:31","slug":"carrinho","status":"publish","type":"page","link":"https:\/\/peel3.gg\/en\/carrinho\/","title":{"rendered":"Carrinho"},"content":{"rendered":"<div data-elementor-type=\"wp-page\" data-elementor-id=\"9\" class=\"elementor elementor-9\" data-elementor-post-type=\"page\">\n\t\t\t\t<div class=\"elementor-element elementor-element-26232a5 e-flex e-con-boxed e-con e-parent\" data-id=\"26232a5\" data-element_type=\"container\" data-settings=\"{&quot;background_background&quot;:&quot;classic&quot;}\">\n\t\t\t\t\t<div class=\"e-con-inner\">\n\t\t\t\t<div class=\"elementor-element elementor-element-7a45469 elementor-widget elementor-widget-heading\" data-id=\"7a45469\" data-element_type=\"widget\" data-widget_type=\"heading.default\">\n\t\t\t\t<div class=\"elementor-widget-container\">\n\t\t\t<h2 class=\"elementor-heading-title elementor-size-default\">Carrinho de compra<\/h2>\t\t<\/div>\n\t\t\t\t<\/div>\n\t\t\t\t\t<\/div>\n\t\t\t\t<\/div>\n\t\t<div class=\"elementor-element elementor-element-ee62e60 e-flex e-con-boxed e-con e-parent\" data-id=\"ee62e60\" data-element_type=\"container\">\n\t\t\t\t\t<div class=\"e-con-inner\">\n\t\t\t\t\t<\/div>\n\t\t\t\t<\/div>\n\t\t\t\t<\/div>","protected":false},"excerpt":{"rendered":"<p>Carrinho de compra Remover item Imagem de miniatura Produto Pre\u00e7o Quantidade Subtotal &times; PROJECT X &#82;&#36;&nbsp;699,00 PROJECT X quantidade &#82;&#36;&nbsp;699,00 Atualizar carrinho Aplicar cupom Carrinho total Subtotal &#82;&#36;&nbsp;699,00 Entrega PAC (5 dias \u00fateis): &#82;&#36;&nbsp;17,34 SEDEX (1 dia \u00fatil): &#82;&#36;&nbsp;9,94 Entrega para Rua Jo\u00e3o Fernandes Vieira, Boa Vista, Recife, Pernambuco, 50050-245. Mudar endere\u00e7o Pa\u00eds \/ regi\u00e3o: [&hellip;]<\/p>","protected":false},"author":1,"featured_media":0,"parent":0,"menu_order":0,"comment_status":"closed","ping_status":"closed","template":"elementor_header_footer","meta":{"footnotes":""},"class_list":["post-9","page","type-page","status-publish","hentry"],"jetpack_sharing_enabled":true,"_links":{"self":[{"href":"https:\/\/peel3.gg\/en\/wp-json\/wp\/v2\/pages\/9","targetHints":{"allow":["GET"]}}],"collection":[{"href":"https:\/\/peel3.gg\/en\/wp-json\/wp\/v2\/pages"}],"about":[{"href":"https:\/\/peel3.gg\/en\/wp-json\/wp\/v2\/types\/page"}],"author":[{"embeddable":true,"href":"https:\/\/peel3.gg\/en\/wp-json\/wp\/v2\/users\/1"}],"replies":[{"embeddable":true,"href":"https:\/\/peel3.gg\/en\/wp-json\/wp\/v2\/comments?post=9"}],"version-history":[{"count":19,"href":"https:\/\/peel3.gg\/en\/wp-json\/wp\/v2\/pages\/9\/revisions"}],"predecessor-version":[{"id":637,"href":"https:\/\/peel3.gg\/en\/wp-json\/wp\/v2\/pages\/9\/revisions\/637"}],"wp:attachment":[{"href":"https:\/\/peel3.gg\/en\/wp-json\/wp\/v2\/media?parent=9"}],"curies":[{"name":"wp","href":"https:\/\/api.w.org\/{rel}","templated":true}]}}